{"id":1349,"date":"2021-11-21T15:14:19","date_gmt":"2021-11-21T15:14:19","guid":{"rendered":"https:\/\/meysmimarlik.com\/?page_id=1349"},"modified":"2023-04-11T17:09:12","modified_gmt":"2023-04-11T14:09:12","slug":"about","status":"publish","type":"page","link":"https:\/\/meysmimarlik.com\/?page_id=1349","title":{"rendered":"About"},"content":{"rendered":"\t\t<div data-elementor-type=\"wp-page\" data-elementor-id=\"1349\" class=\"elementor elementor-1349\">\n\t\t\t\t\t\t\t\t\t<section class=\"elementor-section elementor-top-section elementor-element elementor-element-c8ddeb6 elementor-section-height-min-height elementor-section-boxed elementor-section-height-default elementor-section-items-middle\" data-id=\"c8ddeb6\" data-element_type=\"section\" data-settings=\"{&quot;background_background&quot;:&quot;classic&quot;}\">\n\t\t\t\t\t\t\t<div class=\"elementor-background-overlay\"><\/div>\n\t\t\t\t\t\t\t<div class=\"elementor-container elementor-column-gap-default\">\n\t\t\t\t\t<div class=\"elementor-column elementor-col-100 elementor-top-column elementor-element elementor-element-6a5337e\" data-id=\"6a5337e\" data-element_type=\"column\">\n\t\t\t<div class=\"elementor-widget-wrap elementor-element-populated\">\n\t\t\t\t\t\t\t\t<div class=\"elementor-element elementor-element-feefb6c elementor-widget elementor-widget-heading\" data-id=\"feefb6c\" data-element_type=\"widget\" data-widget_type=\"heading.default\">\n\t\t\t\t<div class=\"elementor-widget-container\">\n\t\t\t<style>\/*! elementor - v3.11.5 - 14-03-2023 *\/\n.elementor-heading-title{padding:0;margin:0;line-height:1}.elementor-widget-heading .elementor-heading-title[class*=elementor-size-]>a{color:inherit;font-size:inherit;line-height:inherit}.elementor-widget-heading .elementor-heading-title.elementor-size-small{font-size:15px}.elementor-widget-heading .elementor-heading-title.elementor-size-medium{font-size:19px}.elementor-widget-heading .elementor-heading-title.elementor-size-large{font-size:29px}.elementor-widget-heading .elementor-heading-title.elementor-size-xl{font-size:39px}.elementor-widget-heading .elementor-heading-title.elementor-size-xxl{font-size:59px}<\/style><h1 class=\"elementor-heading-title elementor-size-default\">HAKKIMIZDA<\/h1>\t\t<\/div>\n\t\t\t\t<\/div>\n\t\t\t\t\t<\/div>\n\t\t<\/div>\n\t\t\t\t\t\t\t<\/div>\n\t\t<\/section>\n\t\t\t\t<section class=\"elementor-section elementor-top-section elementor-element elementor-element-ezvxi1d elementor-section-boxed elementor-section-height-default elementor-section-height-default\" data-id=\"ezvxi1d\" data-element_type=\"section\" data-settings=\"{&quot;background_background&quot;:&quot;classic&quot;}\">\n\t\t\t\t\t\t<div class=\"elementor-container elementor-column-gap-no\">\n\t\t\t\t\t<div class=\"elementor-column elementor-col-100 elementor-top-column elementor-element elementor-element-0dd4c6a\" data-id=\"0dd4c6a\" data-element_type=\"column\">\n\t\t\t<div class=\"elementor-widget-wrap elementor-element-populated\">\n\t\t\t\t\t\t\t\t<section class=\"elementor-section elementor-inner-section elementor-element elementor-element-f174103 elementor-section-boxed elementor-section-height-default elementor-section-height-default\" data-id=\"f174103\" data-element_type=\"section\">\n\t\t\t\t\t\t<div class=\"elementor-container elementor-column-gap-wider\">\n\t\t\t\t\t<div class=\"elementor-column elementor-col-50 elementor-inner-column elementor-element elementor-element-a453ebe\" data-id=\"a453ebe\" data-element_type=\"column\" data-settings=\"{&quot;background_background&quot;:&quot;classic&quot;}\">\n\t\t\t<div class=\"elementor-widget-wrap elementor-element-populated\">\n\t\t\t\t\t\t\t\t<div class=\"elementor-element elementor-element-e3d03d6 elementor-widget elementor-widget-text-editor\" data-id=\"e3d03d6\" data-element_type=\"widget\" data-widget_type=\"text-editor.default\">\n\t\t\t\t<div class=\"elementor-widget-container\">\n\t\t\t<style>\/*! elementor - v3.11.5 - 14-03-2023 *\/\n.elementor-widget-text-editor.elementor-drop-cap-view-stacked .elementor-drop-cap{background-color:#818a91;color:#fff}.elementor-widget-text-editor.elementor-drop-cap-view-framed .elementor-drop-cap{color:#818a91;border:3px solid;background-color:transparent}.elementor-widget-text-editor:not(.elementor-drop-cap-view-default) .elementor-drop-cap{margin-top:8px}.elementor-widget-text-editor:not(.elementor-drop-cap-view-default) .elementor-drop-cap-letter{width:1em;height:1em}.elementor-widget-text-editor .elementor-drop-cap{float:left;text-align:center;line-height:1;font-size:50px}.elementor-widget-text-editor .elementor-drop-cap-letter{display:inline-block}<\/style>\t\t\t\t<p>2019 y\u0131l\u0131nda \u0130stanbul Ticaret \u00dcniversitesi \u0130\u00e7 Mimarl\u0131k ve \u00c7evre Tasar\u0131m\u0131 B\u00f6l\u00fcm\u00fc&#8217;nden b\u00f6l\u00fcm ikincili\u011fi ile mezun oldu. 2022&#8217;de \u0130stanbul Ticaret \u00dcniversitesi \u0130\u00e7 Mimarl\u0131k Tezli Y\u00fcksek Lisans Program\u0131&#8217;n\u0131 bitirdi. Ard\u0131ndan Merve Sertta\u015f ile birlikte Meys Mimarl\u0131k&#8217;\u0131 kurdu.<\/p>\t\t\t\t\t\t<\/div>\n\t\t\t\t<\/div>\n\t\t\t\t<div class=\"elementor-element elementor-element-b2ee45e elementor-widget elementor-widget-image\" data-id=\"b2ee45e\" data-element_type=\"widget\" data-widget_type=\"image.default\">\n\t\t\t\t<div class=\"elementor-widget-container\">\n\t\t\t<style>\/*! elementor - v3.11.5 - 14-03-2023 *\/\n.elementor-widget-image{text-align:center}.elementor-widget-image a{display:inline-block}.elementor-widget-image a img[src$=\".svg\"]{width:48px}.elementor-widget-image img{vertical-align:middle;display:inline-block}<\/style>\t\t\t\t\t\t\t\t\t\t\t\t<img decoding=\"async\" width=\"150\" height=\"150\" src=\"https:\/\/meysmimarlik.com\/wp-content\/uploads\/2023\/03\/Sumeyye-SENTURK-150x150.jpg\" class=\"attachment-thumbnail size-thumbnail wp-image-1868\" alt=\"\" loading=\"lazy\" srcset=\"https:\/\/meysmimarlik.com\/wp-content\/uploads\/2023\/03\/Sumeyye-SENTURK-150x150.jpg 150w, https:\/\/meysmimarlik.com\/wp-content\/uploads\/2023\/03\/Sumeyye-SENTURK-300x300.jpg 300w, https:\/\/meysmimarlik.com\/wp-content\/uploads\/2023\/03\/Sumeyye-SENTURK-1024x1024.jpg 1024w, https:\/\/meysmimarlik.com\/wp-content\/uploads\/2023\/03\/Sumeyye-SENTURK-768x768.jpg 768w, https:\/\/meysmimarlik.com\/wp-content\/uploads\/2023\/03\/Sumeyye-SENTURK.jpg 1080w\" sizes=\"(max-width: 150px) 100vw, 150px\" \/>\t\t\t\t\t\t\t\t\t\t\t\t\t\t\t<\/div>\n\t\t\t\t<\/div>\n\t\t\t\t<div class=\"elementor-element elementor-element-ab543fa elementor-widget elementor-widget-heading\" data-id=\"ab543fa\" data-element_type=\"widget\" data-widget_type=\"heading.default\">\n\t\t\t\t<div class=\"elementor-widget-container\">\n\t\t\t<h4 class=\"elementor-heading-title elementor-size-medium\">S\u00dcMEYYE \u015eENT\u00dcRK<\/h4>\t\t<\/div>\n\t\t\t\t<\/div>\n\t\t\t\t<div class=\"elementor-element elementor-element-52531a6 elementor-widget elementor-widget-heading\" data-id=\"52531a6\" data-element_type=\"widget\" data-widget_type=\"heading.default\">\n\t\t\t\t<div class=\"elementor-widget-container\">\n\t\t\t<div class=\"elementor-heading-title elementor-size-default\">Y\u00fcksek \u0130\u00e7 Mimar<\/div>\t\t<\/div>\n\t\t\t\t<\/div>\n\t\t\t\t\t<\/div>\n\t\t<\/div>\n\t\t\t\t<div class=\"elementor-column elementor-col-50 elementor-inner-column elementor-element elementor-element-988c7cc\" data-id=\"988c7cc\" data-element_type=\"column\">\n\t\t\t<div class=\"elementor-widget-wrap elementor-element-populated\">\n\t\t\t\t\t\t\t\t<div class=\"elementor-element elementor-element-96a20eb elementor-widget elementor-widget-text-editor\" data-id=\"96a20eb\" data-element_type=\"widget\" data-widget_type=\"text-editor.default\">\n\t\t\t\t<div class=\"elementor-widget-container\">\n\t\t\t\t\t\t\t<p>2019 y\u0131l\u0131nda \u0130stanbul Ticaret \u00dcniversitesi \u0130\u00e7 Mimarl\u0131k ve \u00c7evre Tasar\u0131m\u0131 B\u00f6l\u00fcm\u00fc&#8217;nden fak\u00fclte birincili\u011fi ile mezun oldu. Ard\u0131ndan \u0130stanbul Ticaret \u00dcniversitesi \u0130\u00e7 Mimarl\u0131k Tezli Y\u00fcksek Lisans Program\u0131&#8217;na ba\u015flad\u0131.\u00a0 2022&#8217;de S\u00fcmeyye \u015eent\u00fcrk ile birlikte Meys Mimarl\u0131k&#8217;\u0131 kurdu.\u00a0<\/p>\t\t\t\t\t\t<\/div>\n\t\t\t\t<\/div>\n\t\t\t\t<div class=\"elementor-element elementor-element-0e144e0 elementor-widget elementor-widget-image\" data-id=\"0e144e0\" data-element_type=\"widget\" data-widget_type=\"image.default\">\n\t\t\t\t<div class=\"elementor-widget-container\">\n\t\t\t\t\t\t\t\t\t\t\t\t\t\t\t<img decoding=\"async\" width=\"150\" height=\"150\" src=\"https:\/\/meysmimarlik.com\/wp-content\/uploads\/2023\/03\/Merve-SERTTAS-150x150.jpg\" class=\"attachment-thumbnail size-thumbnail wp-image-1869\" alt=\"\" loading=\"lazy\" \/>\t\t\t\t\t\t\t\t\t\t\t\t\t\t\t<\/div>\n\t\t\t\t<\/div>\n\t\t\t\t<div class=\"elementor-element elementor-element-63adaed elementor-widget elementor-widget-heading\" data-id=\"63adaed\" data-element_type=\"widget\" data-widget_type=\"heading.default\">\n\t\t\t\t<div class=\"elementor-widget-container\">\n\t\t\t<h4 class=\"elementor-heading-title elementor-size-medium\">MERVE SERTTA\u015e<\/h4>\t\t<\/div>\n\t\t\t\t<\/div>\n\t\t\t\t<div class=\"elementor-element elementor-element-537afc6 elementor-widget elementor-widget-heading\" data-id=\"537afc6\" data-element_type=\"widget\" data-widget_type=\"heading.default\">\n\t\t\t\t<div class=\"elementor-widget-container\">\n\t\t\t<div class=\"elementor-heading-title elementor-size-default\">\u0130\u00e7 Mimar<\/div>\t\t<\/div>\n\t\t\t\t<\/div>\n\t\t\t\t\t<\/div>\n\t\t<\/div>\n\t\t\t\t\t\t\t<\/div>\n\t\t<\/section>\n\t\t\t\t\t<\/div>\n\t\t<\/div>\n\t\t\t\t\t\t\t<\/div>\n\t\t<\/section>\n\t\t\t\t\t\t\t<\/div>\n\t\t","protected":false},"excerpt":{"rendered":"<p>HAKKIMIZDA 2019 y\u0131l\u0131nda \u0130stanbul Ticaret \u00dcniversitesi \u0130\u00e7 Mimarl\u0131k ve \u00c7evre Tasar\u0131m\u0131 B\u00f6l\u00fcm\u00fc&#8217;nden b\u00f6l\u00fcm ikincili\u011fi ile mezun oldu. 2022&#8217;de \u0130stanbul Ticaret \u00dcniversitesi \u0130\u00e7 Mimarl\u0131k Tezli Y\u00fcksek Lisans Program\u0131&#8217;n\u0131 bitirdi. Ard\u0131ndan Merve Sertta\u015f ile birlikte Meys Mimarl\u0131k&#8217;\u0131 kurdu. S\u00dcMEYYE \u015eENT\u00dcRK Y\u00fcksek \u0130\u00e7 Mimar 2019 y\u0131l\u0131nda \u0130stanbul Ticaret \u00dcniversitesi \u0130\u00e7 Mimarl\u0131k ve \u00c7evre Tasar\u0131m\u0131 B\u00f6l\u00fcm\u00fc&#8217;nden fak\u00fclte birincili\u011fi ile &hellip;<\/p>\n<p class=\"read-more\"> <a class=\"\" href=\"https:\/\/meysmimarlik.com\/?page_id=1349\"> <span class=\"screen-reader-text\">About<\/span> Devam\u0131 &raquo;<\/a><\/p>\n","protected":false},"author":2,"featured_media":0,"parent":0,"menu_order":0,"comment_status":"closed","ping_status":"closed","template":"","meta":{"_uag_custom_page_level_css":"","site-sidebar-layout":"no-sidebar","site-content-layout":"page-builder","ast-global-header-display":"","ast-main-header-display":"","ast-hfb-above-header-display":"","ast-hfb-below-header-display":"","ast-hfb-mobile-header-display":"","site-post-title":"disabled","ast-breadcrumbs-content":"","ast-featured-img":"disabled","footer-sml-layout":"","theme-transparent-header-meta":"enabled","adv-header-id-meta":"","stick-header-meta":"","header-above-stick-meta":"","header-main-stick-meta":"","header-below-stick-meta":""},"uagb_featured_image_src":{"full":false,"thumbnail":false,"medium":false,"medium_large":false,"large":false,"1536x1536":false,"2048x2048":false},"uagb_author_info":{"display_name":"Merve Sertta\u015f","author_link":"https:\/\/meysmimarlik.com\/?author=2"},"uagb_comment_info":0,"uagb_excerpt":"HAKKIMIZDA 2019 y\u0131l\u0131nda \u0130stanbul Ticaret \u00dcniversitesi \u0130\u00e7 Mimarl\u0131k ve \u00c7evre Tasar\u0131m\u0131 B\u00f6l\u00fcm\u00fc&#8217;nden b\u00f6l\u00fcm ikincili\u011fi ile mezun oldu. 2022&#8217;de \u0130stanbul Ticaret \u00dcniversitesi \u0130\u00e7 Mimarl\u0131k Tezli Y\u00fcksek Lisans Program\u0131&#8217;n\u0131 bitirdi. Ard\u0131ndan Merve Sertta\u015f ile birlikte Meys Mimarl\u0131k&#8217;\u0131 kurdu. S\u00dcMEYYE \u015eENT\u00dcRK Y\u00fcksek \u0130\u00e7 Mimar 2019 y\u0131l\u0131nda \u0130stanbul Ticaret \u00dcniversitesi \u0130\u00e7 Mimarl\u0131k ve \u00c7evre Tasar\u0131m\u0131 B\u00f6l\u00fcm\u00fc&#8217;nden fak\u00fclte birincili\u011fi ile&hellip;","_links":{"self":[{"href":"https:\/\/meysmimarlik.com\/index.php?rest_route=\/wp\/v2\/pages\/1349"}],"collection":[{"href":"https:\/\/meysmimarlik.com\/index.php?rest_route=\/wp\/v2\/pages"}],"about":[{"href":"https:\/\/meysmimarlik.com\/index.php?rest_route=\/wp\/v2\/types\/page"}],"author":[{"embeddable":true,"href":"https:\/\/meysmimarlik.com\/index.php?rest_route=\/wp\/v2\/users\/2"}],"replies":[{"embeddable":true,"href":"https:\/\/meysmimarlik.com\/index.php?rest_route=%2Fwp%2Fv2%2Fcomments&post=1349"}],"version-history":[{"count":28,"href":"https:\/\/meysmimarlik.com\/index.php?rest_route=\/wp\/v2\/pages\/1349\/revisions"}],"predecessor-version":[{"id":2266,"href":"https:\/\/meysmimarlik.com\/index.php?rest_route=\/wp\/v2\/pages\/1349\/revisions\/2266"}],"wp:attachment":[{"href":"https:\/\/meysmimarlik.com\/index.php?rest_route=%2Fwp%2Fv2%2Fmedia&parent=1349"}],"curies":[{"name":"wp","href":"https:\/\/api.w.org\/{rel}","templated":true}]}}